{"id":36243,"date":"2024-07-19T07:30:11","date_gmt":"2024-07-19T07:30:11","guid":{"rendered":"https:\/\/wordpress.zozothemes.com\/igual\/?page_id=36243"},"modified":"2025-09-25T11:48:48","modified_gmt":"2025-09-25T11:48:48","slug":"service","status":"publish","type":"page","link":"https:\/\/akokefielaw.com\/fr\/service\/","title":{"rendered":"Service"},"content":{"rendered":"<div data-elementor-type=\"wp-page\" data-elementor-id=\"36243\" class=\"elementor elementor-36243\">\n\t\t\t\t\t\t<section class=\"elementor-section elementor-top-section elementor-element elementor-element-8917747 elementor-section-content-middle elementor-section-stretched cus-float-img elementor-section-boxed elementor-section-height-default elementor-section-height-default content-parallax-no\" data-id=\"8917747\" data-element_type=\"section\" data-settings=\"{&quot;stretch_section&quot;:&quot;section-stretched&quot;,&quot;background_background&quot;:&quot;classic&quot;}\">\n\t\t\t\t\t\t\t<div class=\"elementor-background-overlay\"><\/div>\n\t\t\t\t\t\t\t<div class=\"elementor-container elementor-column-gap-extended\">\n\t\t\t\t\t<div class=\"elementor-column elementor-col-50 elementor-top-column elementor-element elementor-element-65284ce\" data-id=\"65284ce\" data-element_type=\"column\">\n\t\t\t<div class=\"elementor-widget-wrap elementor-element-populated\">\n\t\t\t\t\t\t<div class=\"elementor-element elementor-element-08f2c5c animated-fast cea-separator-type-normal elementor-invisible elementor-widget elementor-widget-ceasectiontitle\" data-id=\"08f2c5c\" data-element_type=\"widget\" data-settings=\"{&quot;_animation&quot;:&quot;fadeInUp&quot;}\" data-widget_type=\"ceasectiontitle.default\">\n\t\t\t\t<div class=\"elementor-widget-container\">\n\t\t\t\t\t<div class=\"section-title-wrapper\"><div class=\"title-wrap\"><div class=\"sub-title\"><span class=\"subtitle-dots\" >Ce que nous proposons<\/span><\/div><h2 class=\"section-title none cea-nrml\" data-animation=\"none\">we offer a spectrum of legal services designed to meet your diverse needs<\/h2><div class=\"elementor-divider\"><span class=\"elementor-divider-separator\"><\/span><\/div><\/div><!-- .title-wrap --><div class=\"section-description\"><\/div><!-- .section-description --><\/div><!-- .section-title-wrapper -->\t\t\t\t<\/div>\n\t\t\t\t<\/div>\n\t\t\t\t<section class=\"elementor-section elementor-inner-section elementor-element elementor-element-2df5ce8 elementor-section-content-middle elementor-section-boxed elementor-section-height-default elementor-section-height-default content-parallax-no\" data-id=\"2df5ce8\" data-element_type=\"section\">\n\t\t\t\t\t\t<div class=\"elementor-container elementor-column-gap-default\">\n\t\t\t\t\t<div class=\"elementor-column elementor-col-50 elementor-inner-column elementor-element elementor-element-02d8aa4 elementor-invisible\" data-id=\"02d8aa4\" data-element_type=\"column\" data-settings=\"{&quot;background_background&quot;:&quot;classic&quot;,&quot;animation&quot;:&quot;fadeInUp&quot;}\">\n\t\t\t<div class=\"elementor-widget-wrap elementor-element-populated\">\n\t\t\t\t\t\t<div class=\"elementor-element elementor-element-7fc9f2a elementor-widget elementor-widget-heading\" data-id=\"7fc9f2a\" data-element_type=\"widget\" data-widget_type=\"heading.default\">\n\t\t\t\t\t<div class=\"elementor-heading-title elementor-size-default\">Plus de 10 ans<br> de l'exp\u00e9rience et r\u00e9servez maintenant<\/div>\t\t\t\t<\/div>\n\t\t\t\t\t<\/div>\n\t\t<\/div>\n\t\t\t\t<div class=\"elementor-column elementor-col-50 elementor-inner-column elementor-element elementor-element-7624f41 elementor-invisible\" data-id=\"7624f41\" data-element_type=\"column\" data-settings=\"{&quot;animation&quot;:&quot;fadeInUp&quot;}\">\n\t\t\t<div class=\"elementor-widget-wrap elementor-element-populated\">\n\t\t\t\t\t\t<div class=\"elementor-element elementor-element-3825986 elementor-widget elementor-widget-text-editor\" data-id=\"3825986\" data-element_type=\"widget\" data-widget_type=\"text-editor.default\">\n\t\t\t\t\t\t\t\t\t<p>Tirez parti de la formation nationale et internationale de notre \u00e9quipe pour vous guider et vous repr\u00e9senter dans divers domaines de pratique<\/p>\t\t\t\t\t\t\t\t<\/div>\n\t\t\t\t\t<\/div>\n\t\t<\/div>\n\t\t\t\t\t<\/div>\n\t\t<\/section>\n\t\t\t\t\t<\/div>\n\t\t<\/div>\n\t\t\t\t<div class=\"elementor-column elementor-col-50 elementor-top-column elementor-element elementor-element-3779eef\" data-id=\"3779eef\" data-element_type=\"column\">\n\t\t\t<div class=\"elementor-widget-wrap elementor-element-populated\">\n\t\t\t\t\t\t<section class=\"elementor-section elementor-inner-section elementor-element elementor-element-f2adfff elementor-section-boxed elementor-section-height-default elementor-section-height-default content-parallax-no\" data-id=\"f2adfff\" data-element_type=\"section\">\n\t\t\t\t\t\t<div class=\"elementor-container elementor-column-gap-default\">\n\t\t\t\t\t<div class=\"elementor-column elementor-col-50 elementor-inner-column elementor-element elementor-element-85d3d08\" data-id=\"85d3d08\" data-element_type=\"column\">\n\t\t\t<div class=\"elementor-widget-wrap elementor-element-populated\">\n\t\t\t\t\t\t<div class=\"elementor-element elementor-element-74993a0 elementor-invisible elementor-widget elementor-widget-image\" data-id=\"74993a0\" data-element_type=\"widget\" data-settings=\"{&quot;_animation&quot;:&quot;zoomIn&quot;}\" data-widget_type=\"image.default\">\n\t\t\t\t\t\t\t\t\t\t\t\t\t\t\t\t<a href=\"#\">\n\t\t\t\t\t\t\t<img fetchpriority=\"high\" decoding=\"async\" width=\"2560\" height=\"1707\" src=\"https:\/\/akokefielaw.com\/wp-content\/uploads\/2025\/08\/pexels-rdne-7841417-scaled.jpg\" class=\"elementor-animation-shrink attachment-full size-full wp-image-37504\" alt=\"\" srcset=\"https:\/\/akokefielaw.com\/wp-content\/uploads\/2025\/08\/pexels-rdne-7841417-scaled.jpg 2560w, https:\/\/akokefielaw.com\/wp-content\/uploads\/2025\/08\/pexels-rdne-7841417-768x512.jpg 768w, https:\/\/akokefielaw.com\/wp-content\/uploads\/2025\/08\/pexels-rdne-7841417-1536x1024.jpg 1536w, https:\/\/akokefielaw.com\/wp-content\/uploads\/2025\/08\/pexels-rdne-7841417-2048x1365.jpg 2048w, https:\/\/akokefielaw.com\/wp-content\/uploads\/2025\/08\/pexels-rdne-7841417-1200x800.jpg 1200w\" sizes=\"(max-width: 2560px) 100vw, 2560px\" \/>\t\t\t\t\t\t\t\t<\/a>\n\t\t\t\t\t\t\t\t\t\t\t\t\t\t\t<\/div>\n\t\t\t\t\t<\/div>\n\t\t<\/div>\n\t\t\t\t<div class=\"elementor-column elementor-col-50 elementor-inner-column elementor-element elementor-element-65c1b72\" data-id=\"65c1b72\" data-element_type=\"column\">\n\t\t\t<div class=\"elementor-widget-wrap elementor-element-populated\">\n\t\t\t\t\t\t<div class=\"elementor-element elementor-element-29181e7 elementor-invisible elementor-widget elementor-widget-image\" data-id=\"29181e7\" data-element_type=\"widget\" data-settings=\"{&quot;_animation&quot;:&quot;zoomIn&quot;}\" data-widget_type=\"image.default\">\n\t\t\t\t\t\t\t\t\t\t\t\t\t\t\t\t<a href=\"#\">\n\t\t\t\t\t\t\t<img decoding=\"async\" width=\"2560\" height=\"1707\" src=\"https:\/\/akokefielaw.com\/wp-content\/uploads\/2025\/08\/pexels-ekaterina-bolovtsova-6077431-scaled.jpg\" class=\"elementor-animation-shrink attachment-full size-full wp-image-37507\" alt=\"\" srcset=\"https:\/\/akokefielaw.com\/wp-content\/uploads\/2025\/08\/pexels-ekaterina-bolovtsova-6077431-scaled.jpg 2560w, https:\/\/akokefielaw.com\/wp-content\/uploads\/2025\/08\/pexels-ekaterina-bolovtsova-6077431-768x512.jpg 768w, https:\/\/akokefielaw.com\/wp-content\/uploads\/2025\/08\/pexels-ekaterina-bolovtsova-6077431-1536x1024.jpg 1536w, https:\/\/akokefielaw.com\/wp-content\/uploads\/2025\/08\/pexels-ekaterina-bolovtsova-6077431-2048x1365.jpg 2048w, https:\/\/akokefielaw.com\/wp-content\/uploads\/2025\/08\/pexels-ekaterina-bolovtsova-6077431-1200x800.jpg 1200w\" sizes=\"(max-width: 2560px) 100vw, 2560px\" \/>\t\t\t\t\t\t\t\t<\/a>\n\t\t\t\t\t\t\t\t\t\t\t\t\t\t\t<\/div>\n\t\t\t\t\t<\/div>\n\t\t<\/div>\n\t\t\t\t\t<\/div>\n\t\t<\/section>\n\t\t\t\t<section class=\"elementor-section elementor-inner-section elementor-element elementor-element-a86fbdc elementor-section-boxed elementor-section-height-default elementor-section-height-default content-parallax-no\" data-id=\"a86fbdc\" data-element_type=\"section\">\n\t\t\t\t\t\t<div class=\"elementor-container elementor-column-gap-default\">\n\t\t\t\t\t<div class=\"elementor-column elementor-col-33 elementor-inner-column elementor-element elementor-element-478f378\" data-id=\"478f378\" data-element_type=\"column\">\n\t\t\t<div class=\"elementor-widget-wrap\">\n\t\t\t\t\t\t\t<\/div>\n\t\t<\/div>\n\t\t\t\t<div class=\"elementor-column elementor-col-33 elementor-inner-column elementor-element elementor-element-cc63d44\" data-id=\"cc63d44\" data-element_type=\"column\">\n\t\t\t<div class=\"elementor-widget-wrap elementor-element-populated\">\n\t\t\t\t\t\t<div class=\"elementor-element elementor-element-9c3be22 elementor-invisible elementor-widget elementor-widget-image\" data-id=\"9c3be22\" data-element_type=\"widget\" data-settings=\"{&quot;_animation&quot;:&quot;zoomIn&quot;}\" data-widget_type=\"image.default\">\n\t\t\t\t\t\t\t\t\t\t\t\t\t\t\t\t<a href=\"#\">\n\t\t\t\t\t\t\t<img decoding=\"async\" width=\"2560\" height=\"1709\" src=\"https:\/\/akokefielaw.com\/wp-content\/uploads\/2025\/08\/pexels-cqf-avocat-188397-613508-scaled.jpg\" class=\"elementor-animation-shrink attachment-full size-full wp-image-37506\" alt=\"\" srcset=\"https:\/\/akokefielaw.com\/wp-content\/uploads\/2025\/08\/pexels-cqf-avocat-188397-613508-scaled.jpg 2560w, https:\/\/akokefielaw.com\/wp-content\/uploads\/2025\/08\/pexels-cqf-avocat-188397-613508-768x513.jpg 768w, https:\/\/akokefielaw.com\/wp-content\/uploads\/2025\/08\/pexels-cqf-avocat-188397-613508-1536x1025.jpg 1536w, https:\/\/akokefielaw.com\/wp-content\/uploads\/2025\/08\/pexels-cqf-avocat-188397-613508-2048x1367.jpg 2048w, https:\/\/akokefielaw.com\/wp-content\/uploads\/2025\/08\/pexels-cqf-avocat-188397-613508-1200x801.jpg 1200w\" sizes=\"(max-width: 2560px) 100vw, 2560px\" \/>\t\t\t\t\t\t\t\t<\/a>\n\t\t\t\t\t\t\t\t\t\t\t\t\t\t\t<\/div>\n\t\t\t\t\t<\/div>\n\t\t<\/div>\n\t\t\t\t<div class=\"elementor-column elementor-col-33 elementor-inner-column elementor-element elementor-element-d75e170\" data-id=\"d75e170\" data-element_type=\"column\">\n\t\t\t<div class=\"elementor-widget-wrap elementor-element-populated\">\n\t\t\t\t\t\t<div class=\"elementor-element elementor-element-1db9f6a e-transform elementor-invisible elementor-widget elementor-widget-image\" data-id=\"1db9f6a\" data-element_type=\"widget\" data-settings=\"{&quot;_transform_rotateZ_effect&quot;:{&quot;unit&quot;:&quot;px&quot;,&quot;size&quot;:6,&quot;sizes&quot;:[]},&quot;_animation&quot;:&quot;fadeInLeft&quot;,&quot;_transform_rotateZ_effect_tablet&quot;:{&quot;unit&quot;:&quot;deg&quot;,&quot;size&quot;:&quot;&quot;,&quot;sizes&quot;:[]},&quot;_transform_rotateZ_effect_mobile&quot;:{&quot;unit&quot;:&quot;deg&quot;,&quot;size&quot;:&quot;&quot;,&quot;sizes&quot;:[]}}\" data-widget_type=\"image.default\">\n\t\t\t\t\t\t\t\t\t\t\t\t\t\t\t<img loading=\"lazy\" decoding=\"async\" width=\"166\" height=\"88\" src=\"https:\/\/akokefielaw.com\/wp-content\/uploads\/2023\/02\/arrow-down-1.png\" class=\"attachment-full size-full wp-image-27827\" alt=\"\" \/>\t\t\t\t\t\t\t\t\t\t\t\t\t\t\t<\/div>\n\t\t\t\t<div class=\"elementor-element elementor-element-9bf920a elementor-invisible elementor-widget elementor-widget-text-editor\" data-id=\"9bf920a\" data-element_type=\"widget\" data-settings=\"{&quot;_animation&quot;:&quot;fadeInUp&quot;}\" data-widget_type=\"text-editor.default\">\n\t\t\t\t\t\t\t\t\t<p><a href=\"https:\/\/akokefielaw.com\/fr\/contact-us\/\">O\u00d9 NOUS SOMMES SITU\u00c9S<\/a><\/p>\t\t\t\t\t\t\t\t<\/div>\n\t\t\t\t\t<\/div>\n\t\t<\/div>\n\t\t\t\t\t<\/div>\n\t\t<\/section>\n\t\t\t\t\t<\/div>\n\t\t<\/div>\n\t\t\t\t\t<\/div>\n\t\t<\/section>\n\t\t\t\t<section class=\"elementor-section elementor-top-section elementor-element elementor-element-0bf75d4 elementor-section-content-middle elementor-section-stretched elementor-section-boxed elementor-section-height-default elementor-section-height-default content-parallax-no\" data-id=\"0bf75d4\" data-element_type=\"section\" data-settings=\"{&quot;stretch_section&quot;:&quot;section-stretched&quot;,&quot;background_background&quot;:&quot;classic&quot;}\">\n\t\t\t\t\t\t\t<div class=\"elementor-background-overlay\"><\/div>\n\t\t\t\t\t\t\t<div class=\"elementor-container elementor-column-gap-default\">\n\t\t\t\t\t<div class=\"elementor-column elementor-col-100 elementor-top-column elementor-element elementor-element-3ffbe73\" data-id=\"3ffbe73\" data-element_type=\"column\">\n\t\t\t<div class=\"elementor-widget-wrap elementor-element-populated\">\n\t\t\t\t\t\t<section class=\"elementor-section elementor-inner-section elementor-element elementor-element-52f340c elementor-section-boxed elementor-section-height-default elementor-section-height-default content-parallax-no\" data-id=\"52f340c\" data-element_type=\"section\">\n\t\t\t\t\t\t<div class=\"elementor-container elementor-column-gap-default\">\n\t\t\t\t\t<div class=\"elementor-column elementor-col-33 elementor-inner-column elementor-element elementor-element-6eba980\" data-id=\"6eba980\" data-element_type=\"column\">\n\t\t\t<div class=\"elementor-widget-wrap\">\n\t\t\t\t\t\t\t<\/div>\n\t\t<\/div>\n\t\t\t\t<div class=\"elementor-column elementor-col-33 elementor-inner-column elementor-element elementor-element-91e7c15\" data-id=\"91e7c15\" data-element_type=\"column\">\n\t\t\t<div class=\"elementor-widget-wrap elementor-element-populated\">\n\t\t\t\t\t\t<div class=\"elementor-element elementor-element-3f8ee58 animated-fast cea-tablet-align-center cea-align-center elementor-invisible elementor-widget elementor-widget-ceasectiontitle\" data-id=\"3f8ee58\" data-element_type=\"widget\" data-settings=\"{&quot;_animation&quot;:&quot;fadeInUp&quot;}\" data-widget_type=\"ceasectiontitle.default\">\n\t\t\t\t<div class=\"elementor-widget-container\">\n\t\t\t\t\t<div class=\"section-title-wrapper\"><div class=\"title-wrap\"><h2 class=\"section-title none cea-nrml\" data-animation=\"none\">PRACTICE AREAS<\/h2><\/div><!-- .title-wrap --><div class=\"section-description\"><\/div><!-- .section-description --><\/div><!-- .section-title-wrapper -->\t\t\t\t<\/div>\n\t\t\t\t<\/div>\n\t\t\t\t\t<\/div>\n\t\t<\/div>\n\t\t\t\t<div class=\"elementor-column elementor-col-33 elementor-inner-column elementor-element elementor-element-4e6453c\" data-id=\"4e6453c\" data-element_type=\"column\">\n\t\t\t<div class=\"elementor-widget-wrap\">\n\t\t\t\t\t\t\t<\/div>\n\t\t<\/div>\n\t\t\t\t\t<\/div>\n\t\t<\/section>\n\t\t\t\t<div class=\"elementor-element elementor-element-494d8e7 elementor-widget elementor-widget-ceaservice\" data-id=\"494d8e7\" data-element_type=\"widget\" data-widget_type=\"ceaservice.default\">\n\t\t\t\t\n\t\t<div class=\"elementor-widget-container service-wrapper service-style-default service-light service-normal-model\">\n\t\t\n\t\t\t<div class=\"row\"><div class=\"col-lg-4 col-md-6 col-sm-12\" ><div class=\"service-inner\"><div class=\"service-icon-img-wrap\"><img decoding=\"async\" src=\"https:\/\/akokefielaw.com\/wp-content\/uploads\/2022\/07\/divorce-1.png\" class=\"img-fluid service-icon-img\" alt=\"International Legal Services\" \/><\/div><div class=\"entry-title\"><h4 class=\"post-title-head\"><a href=\"https:\/\/akokefielaw.com\/fr\/service\/health-care-law\/\" class=\"post-title\">Services juridiques internationaux<\/a><\/h4><\/div><!-- .entry-title --><div class=\"post-excerpt\">Solutions sans fronti\u00e8res, ma\u00eetrise locale : votre passerelle vers des affaires fluides dans...<\/div><!-- .post-excerpt --><div class=\"post-thumb\"><a href=\"https:\/\/akokefielaw.com\/fr\/service\/health-care-law\/\" class=\"post-image-link\"><img decoding=\"async\" src=\"https:\/\/akokefielaw.com\/wp-content\/uploads\/elementor\/thumbs\/pexels-ekaterina-bolovtsova-6077861-scaled-rbsjprsl43b1nwjsh0en89njdssg3i54kddho9hw1o.jpg\" title=\"pexels-ekaterina-bolovtsova-6077861\" alt=\"\" class=\"img-fluid squared\" \/><\/a><\/div><!-- .post-thumb --><\/div><!-- .service-inner --><\/div><!-- .col \/ .owl-carousel-item \/ .isotope --><div class=\"col-lg-4 col-md-6 col-sm-12\" ><div class=\"service-inner\"><div class=\"service-icon-img-wrap\"><img decoding=\"async\" src=\"https:\/\/akokefielaw.com\/wp-content\/uploads\/2022\/07\/business-1.png\" class=\"img-fluid service-icon-img\" alt=\"Property &#038; Real Estate Law\" \/><\/div><div class=\"entry-title\"><h4 class=\"post-title-head\"><a href=\"https:\/\/akokefielaw.com\/fr\/service\/property-real-estate-law\/\" class=\"post-title\">Droit de la propri\u00e9t\u00e9 et de l'immobilier<\/a><\/h4><\/div><!-- .entry-title --><div class=\"post-excerpt\">S\u00e9curisez votre investissement avec une pr\u00e9cision juridique dans le march\u00e9 immobilier dynamique du Cameroun.<\/div><!-- .post-excerpt --><div class=\"post-thumb\"><a href=\"https:\/\/akokefielaw.com\/fr\/service\/property-real-estate-law\/\" class=\"post-image-link\"><img decoding=\"async\" src=\"https:\/\/akokefielaw.com\/wp-content\/uploads\/elementor\/thumbs\/law-scaled-rbsjprsl43b1nwjsh0en89njdssg3i54kddho9hw1o.jpg\" title=\"law\" alt=\"\" class=\"img-fluid squared img-fluid squared\" \/><\/a><\/div><!-- .post-thumb --><\/div><!-- .service-inner --><\/div><!-- .col \/ .owl-carousel-item \/ .isotope --><div class=\"col-lg-4 col-md-6 col-sm-12\" ><div class=\"service-inner\"><div class=\"service-icon-img-wrap\"><img decoding=\"async\" src=\"https:\/\/akokefielaw.com\/wp-content\/uploads\/2022\/07\/protest-1-1.png\" class=\"img-fluid service-icon-img\" alt=\"Business &#038; Corporate Law\" \/><\/div><div class=\"entry-title\"><h4 class=\"post-title-head\"><a href=\"https:\/\/akokefielaw.com\/fr\/service\/business-corporate-law\/\" class=\"post-title\">Droit des Affaires et des Soci\u00e9t\u00e9s<\/a><\/h4><\/div><!-- .entry-title --><div class=\"post-excerpt\">Comprendre la violence domestique : sensibilisation, pr\u00e9vention et protection juridique que nous offrons.<\/div><!-- .post-excerpt --><div class=\"post-thumb\"><a href=\"https:\/\/akokefielaw.com\/fr\/service\/business-corporate-law\/\" class=\"post-image-link\"><img decoding=\"async\" src=\"https:\/\/akokefielaw.com\/wp-content\/uploads\/elementor\/thumbs\/pexels-ekaterina-bolovtsova-6077381-2-scaled-rbsjpto9hrdmb4h2617wd96gkkj6iwcl8mogmtf3p8.jpg\" title=\"pexels-ekaterina-bolovtsova-6077381 (2)\" alt=\"\" class=\"img-fluid squared img-fluid squared img-fluid squared\" \/><\/a><\/div><!-- .post-thumb --><\/div><!-- .service-inner --><\/div><!-- .col \/ .owl-carousel-item \/ .isotope --><div class=\"col-lg-4 col-md-6 col-sm-12\" ><div class=\"service-inner\"><div class=\"service-icon-img-wrap\"><img decoding=\"async\" src=\"https:\/\/akokefielaw.com\/wp-content\/uploads\/2022\/07\/news-1-1.png\" class=\"img-fluid service-icon-img\" alt=\"Litigation &#038; Dispute Resolution\" \/><\/div><div class=\"entry-title\"><h4 class=\"post-title-head\"><a href=\"https:\/\/akokefielaw.com\/fr\/service\/litigation-dispute-resolution-2\/\" class=\"post-title\">Litiges et r\u00e9solution de conflits<\/a><\/h4><\/div><!-- .entry-title --><div class=\"post-excerpt\">R\u00e9soudre des conflits complexes avec pr\u00e9cision et des r\u00e9sultats prouv\u00e9s au Cameroun.<\/div><!-- .post-excerpt --><div class=\"post-thumb\"><a href=\"https:\/\/akokefielaw.com\/fr\/service\/litigation-dispute-resolution-2\/\" class=\"post-image-link\"><img decoding=\"async\" src=\"https:\/\/akokefielaw.com\/wp-content\/uploads\/elementor\/thumbs\/pexels-august-de-richelieu-4427617-scaled-rbsjpto9hrdmb4h2617wd96gkkj6iwcl8mogmtf3p8.jpg\" title=\"pexels-august-de-richelieu-4427617\" alt=\"\" class=\"img-fluid squared img-fluid squared img-fluid squared img-fluid squared\" \/><\/a><\/div><!-- .post-thumb --><\/div><!-- .service-inner --><\/div><!-- .col \/ .owl-carousel-item \/ .isotope --><\/div><!-- .row -->\t\t\t\n\t\t<\/div>\n\t\t\t\t<\/div>\n\t\t\t\t\t<\/div>\n\t\t<\/div>\n\t\t\t\t\t<\/div>\n\t\t<\/section>\n\t\t\t\t<\/div>","protected":false},"excerpt":{"rendered":"<p>What we offer we offer a spectrum of legal services..<\/p>","protected":false},"author":2,"featured_media":0,"parent":0,"menu_order":0,"comment_status":"closed","ping_status":"closed","template":"","meta":{"footnotes":""},"class_list":["post-36243","page","type-page","status-publish","hentry"],"_links":{"self":[{"href":"https:\/\/akokefielaw.com\/fr\/wp-json\/wp\/v2\/pages\/36243","targetHints":{"allow":["GET"]}}],"collection":[{"href":"https:\/\/akokefielaw.com\/fr\/wp-json\/wp\/v2\/pages"}],"about":[{"href":"https:\/\/akokefielaw.com\/fr\/wp-json\/wp\/v2\/types\/page"}],"author":[{"embeddable":true,"href":"https:\/\/akokefielaw.com\/fr\/wp-json\/wp\/v2\/users\/2"}],"replies":[{"embeddable":true,"href":"https:\/\/akokefielaw.com\/fr\/wp-json\/wp\/v2\/comments?post=36243"}],"version-history":[{"count":30,"href":"https:\/\/akokefielaw.com\/fr\/wp-json\/wp\/v2\/pages\/36243\/revisions"}],"predecessor-version":[{"id":37580,"href":"https:\/\/akokefielaw.com\/fr\/wp-json\/wp\/v2\/pages\/36243\/revisions\/37580"}],"wp:attachment":[{"href":"https:\/\/akokefielaw.com\/fr\/wp-json\/wp\/v2\/media?parent=36243"}],"curies":[{"name":"wp","href":"https:\/\/api.w.org\/{rel}","templated":true}]}}